{"id":2757,"date":"2025-02-25T10:15:45","date_gmt":"2025-02-25T10:15:45","guid":{"rendered":"https:\/\/finobarcelona.com\/accessibilitat\/"},"modified":"2025-03-11T21:02:34","modified_gmt":"2025-03-11T21:02:34","slug":"accessibilitat","status":"publish","type":"page","link":"https:\/\/finobarcelona.com\/ca\/accessibilitat\/","title":{"rendered":"Accessibilitat"},"content":{"rendered":"\t\t<div data-elementor-type=\"wp-page\" data-elementor-id=\"2757\" class=\"elementor elementor-2757 elementor-1923\" data-elementor-post-type=\"page\">\n\t\t\t\t<div class=\"elementor-element elementor-element-aac6741 e-con-full e-flex e-con e-parent\" data-id=\"aac6741\" data-element_type=\"container\" data-e-type=\"container\">\n\t\t\t\t<div class=\"elementor-element elementor-element-48800b9 elementor-widget__width-initial elementor-widget-tablet__width-inherit elementor-widget elementor-widget-text-editor\" data-id=\"48800b9\" data-element_type=\"widget\" data-e-type=\"widget\" data-widget_type=\"text-editor.default\">\n\t\t\t\t<div class=\"elementor-widget-container\">\n\t\t\t\t\t\t\t\t\t<h2><strong>Accessibilitat<\/strong><\/h2><p>Aquesta declaraci\u00f3 d&#8217;accessibilitat s&#8217;aplica al web https:\/\/finobarcelona.com\/ <\/p><p><strong>SITUACI\u00d3 DE COMPLIMENT<\/strong><\/p><p>Aquest lloc web \u00e9s parcialment conforme amb el <a href=\"http:\/\/www.boe.es\/diario_boe\/txt.php?id=BOE-A-2018-12699\"><strong>RD 1112\/2018<\/strong><\/a> a causa de les excepcions i la manca de conformitat dels aspectes que s&#8217;indiquen al seg\u00fcent punt.<\/p><p><strong>CONTINGUT NO ACCESSIBLE<\/strong><\/p><p>El contingut que es recull a continuaci\u00f3 no \u00e9s accessible pel seg\u00fcent:<\/p><ul><li>Manca de conformitat amb el RD 1112\/2018<\/li><li>Podrien existir alguns aspectes de contrast que no compleixin els m\u00ednims exigits, 3:1, pel que fa als colors adjacents del fons de la secci\u00f3 de la web en q\u00fcesti\u00f3. [9 .1.4.11 Contraste no textual]<\/li><li>Podrien existir algunes etiquetes o instruccions no etiquetades correctament [9 .3.3.2 Etiquetas o instrucciones]<\/li><li>Podrien existir missatges d&#8217;estat que no compleixin els m\u00ednims exigits [9 .4.1.3 Mensajes de estado]<\/li><li>Podrien existir suggeriments davant d&#8217;errors que no compleixin els m\u00ednims exigits [9 .3.3.3 Sugerencias ante errores (condicional)]<\/li><li>Podrien existir errors en la navegaci\u00f3 seq\u00fcencial per la p\u00e0gina web afectant el seu significat o operaci\u00f3 [9 .2.4.3 Orden del foco]<\/li><li>Podrien haver-hi errors puntuals d&#8217;edici\u00f3 en alguna p\u00e0gina web<\/li><\/ul><p><strong>PREPARACI\u00d3 DE LA SEG\u00dcENT DECLARACI\u00d3 D&#8217;ACCESSIBILITAT<\/strong><\/p><p>Aquesta declaraci\u00f3 va ser preparada el 25 de febrer de 2025.<\/p><p>El m\u00e8tode emprat per preparar la declaraci\u00f3 ha estat una autoavaluaci\u00f3 duta a terme per la pr\u00f2pia empresa.<\/p><p><strong>OBSERVACIONS I DADES DE CONTACTE<\/strong><\/p><p>Podeu realitzar comunicacions sobre requisits d&#8217;accessibilitat (article 10.2.a del RD 1112\/2018) com ara:<\/p><ul><li>Informar sobre qualsevol possible incompliment per part d&#8217;aquest lloc web<\/li><li>Transmetre altres dificultats d&#8217;acc\u00e9s al contingut<\/li><li>Formular qualsevol altra consulta o suggeriment de millora relativa a l&#8217;accessibilitat del lloc web<\/li><\/ul><p>A trav\u00e9s de l&#8217;email de contacte info@finobarcelona.com <\/p><p>Podeu presentar:<\/p><ul><li><strong>Queixa<\/strong> relativa al compliment dels requisits del RD 1112\/2018 o<\/li><li><strong>Sol\u00b7licitud d&#8217;informaci\u00f3 accessible<\/strong> relativa a:<\/li><\/ul><p>Continguts que estan exclosos de l\u00e0mbit daplicaci\u00f3 del RD 1112\/2018 segons el que estableix larticle 3, apartat 4<\/p><p>Continguts que estan exempts del compliment dels requisits daccessibilitat per imposar una c\u00e0rrega desproporcionada.<\/p><p>A la Sol\u00b7licitud d&#8217;informaci\u00f3 accessible, cal concretar, amb tota claredat, els fets, les raons i la petici\u00f3 que permetin constatar que es tracta d&#8217;una sol\u00b7licitud raonable i leg\u00edtima.<\/p><p>Les queixes i reclamacions sobre informaci\u00f3 accessible es realitzaran a trav\u00e9s de l&#8217;email anterior.<\/p><p><strong>PROCEDIMENT D&#8217;APLICACI\u00d3<\/strong><\/p><p>Si una vegada realitzada una sol\u00b7licitud d&#8217;informaci\u00f3 accessible o queixa, aquesta ha estat desestimada, no s&#8217;estigu\u00e9s d&#8217;acord amb la decisi\u00f3 adoptada, o la resposta no compl\u00eds els requisits que preveu l&#8217;article 12.5, la persona interessada pot iniciar una reclamaci\u00f3. Igualment es podr\u00e0 iniciar una reclamaci\u00f3 en cas que hagi transcorregut el termini de vint dies h\u00e0bils sense haver obtingut resposta.<\/p><p><\/p>\t\t\t\t\t\t\t\t<\/div>\n\t\t\t\t<\/div>\n\t\t\t\t<\/div>\n\t\t\t\t<\/div>\n\t\t","protected":false},"excerpt":{"rendered":"<p>Accessibilitat Aquesta declaraci\u00f3 d&#8217;accessibilitat s&#8217;aplica al web https:\/\/finobarcelona.com\/ SITUACI\u00d3 DE COMPLIMENT Aquest lloc web \u00e9s parcialment conforme amb el RD 1112\/2018 a causa de les excepcions i la manca de conformitat dels aspectes que s&#8217;indiquen al seg\u00fcent punt. CONTINGUT NO ACCESSIBLE El contingut que es recull a continuaci\u00f3 no \u00e9s accessible pel seg\u00fcent: Manca de [&hellip;]<\/p>\n","protected":false},"author":1,"featured_media":0,"parent":0,"menu_order":0,"comment_status":"closed","ping_status":"closed","template":"","meta":{"_acf_changed":false,"footnotes":""},"class_list":["post-2757","page","type-page","status-publish","hentry"],"acf":[],"yoast_head":"<!-- This site is optimized with the Yoast SEO plugin v26.8 - https:\/\/yoast.com\/product\/yoast-seo-wordpress\/ -->\n<title>Accessibilitat - Fino Barcelona<\/title>\n<meta name=\"robots\" content=\"index, follow, max-snippet:-1, max-image-preview:large, max-video-preview:-1\" \/>\n<link rel=\"canonical\" href=\"https:\/\/finobarcelona.com\/ca\/accessibilitat\/\" \/>\n<meta property=\"og:locale\" content=\"ca_ES\" \/>\n<meta property=\"og:type\" content=\"article\" \/>\n<meta property=\"og:title\" content=\"Accessibilitat - Fino Barcelona\" \/>\n<meta property=\"og:description\" content=\"Accessibilitat Aquesta declaraci\u00f3 d&#8217;accessibilitat s&#8217;aplica al web https:\/\/finobarcelona.com\/ SITUACI\u00d3 DE COMPLIMENT Aquest lloc web \u00e9s parcialment conforme amb el RD 1112\/2018 a causa de les excepcions i la manca de conformitat dels aspectes que s&#8217;indiquen al seg\u00fcent punt. CONTINGUT NO ACCESSIBLE El contingut que es recull a continuaci\u00f3 no \u00e9s accessible pel seg\u00fcent: Manca de [&hellip;]\" \/>\n<meta property=\"og:url\" content=\"https:\/\/finobarcelona.com\/ca\/accessibilitat\/\" \/>\n<meta property=\"og:site_name\" content=\"Fino Barcelona\" \/>\n<meta property=\"article:modified_time\" content=\"2025-03-11T21:02:34+00:00\" \/>\n<meta name=\"twitter:card\" content=\"summary_large_image\" \/>\n<meta name=\"twitter:label1\" content=\"Temps estimat de lectura\" \/>\n\t<meta name=\"twitter:data1\" content=\"2 minuts\" \/>\n<script type=\"application\/ld+json\" class=\"yoast-schema-graph\">{\"@context\":\"https:\/\/schema.org\",\"@graph\":[{\"@type\":\"WebPage\",\"@id\":\"https:\/\/finobarcelona.com\/ca\/accessibilitat\/\",\"url\":\"https:\/\/finobarcelona.com\/ca\/accessibilitat\/\",\"name\":\"Accessibilitat - Fino Barcelona\",\"isPartOf\":{\"@id\":\"https:\/\/finobarcelona.com\/ca\/#website\"},\"datePublished\":\"2025-02-25T10:15:45+00:00\",\"dateModified\":\"2025-03-11T21:02:34+00:00\",\"breadcrumb\":{\"@id\":\"https:\/\/finobarcelona.com\/ca\/accessibilitat\/#breadcrumb\"},\"inLanguage\":\"ca\",\"potentialAction\":[{\"@type\":\"ReadAction\",\"target\":[\"https:\/\/finobarcelona.com\/ca\/accessibilitat\/\"]}]},{\"@type\":\"BreadcrumbList\",\"@id\":\"https:\/\/finobarcelona.com\/ca\/accessibilitat\/#breadcrumb\",\"itemListElement\":[{\"@type\":\"ListItem\",\"position\":1,\"name\":\"Home\",\"item\":\"https:\/\/finobarcelona.com\/ca\/inici\/\"},{\"@type\":\"ListItem\",\"position\":2,\"name\":\"Accessibilitat\"}]},{\"@type\":\"WebSite\",\"@id\":\"https:\/\/finobarcelona.com\/ca\/#website\",\"url\":\"https:\/\/finobarcelona.com\/ca\/\",\"name\":\"Fino Barcelona\",\"description\":\"\",\"publisher\":{\"@id\":\"https:\/\/finobarcelona.com\/ca\/#organization\"},\"potentialAction\":[{\"@type\":\"SearchAction\",\"target\":{\"@type\":\"EntryPoint\",\"urlTemplate\":\"https:\/\/finobarcelona.com\/ca\/?s={search_term_string}\"},\"query-input\":{\"@type\":\"PropertyValueSpecification\",\"valueRequired\":true,\"valueName\":\"search_term_string\"}}],\"inLanguage\":\"ca\"},{\"@type\":\"Organization\",\"@id\":\"https:\/\/finobarcelona.com\/ca\/#organization\",\"name\":\"Fino Barcelona\",\"url\":\"https:\/\/finobarcelona.com\/ca\/\",\"logo\":{\"@type\":\"ImageObject\",\"inLanguage\":\"ca\",\"@id\":\"https:\/\/finobarcelona.com\/ca\/#\/schema\/logo\/image\/\",\"url\":\"https:\/\/finobarcelona.com\/wp-content\/uploads\/2023\/10\/LOGO-GRANDE.svg\",\"contentUrl\":\"https:\/\/finobarcelona.com\/wp-content\/uploads\/2023\/10\/LOGO-GRANDE.svg\",\"caption\":\"Fino Barcelona\"},\"image\":{\"@id\":\"https:\/\/finobarcelona.com\/ca\/#\/schema\/logo\/image\/\"}}]}<\/script>\n<!-- \/ Yoast SEO plugin. -->","yoast_head_json":{"title":"Accessibilitat - Fino Barcelona","robots":{"index":"index","follow":"follow","max-snippet":"max-snippet:-1","max-image-preview":"max-image-preview:large","max-video-preview":"max-video-preview:-1"},"canonical":"https:\/\/finobarcelona.com\/ca\/accessibilitat\/","og_locale":"ca_ES","og_type":"article","og_title":"Accessibilitat - Fino Barcelona","og_description":"Accessibilitat Aquesta declaraci\u00f3 d&#8217;accessibilitat s&#8217;aplica al web https:\/\/finobarcelona.com\/ SITUACI\u00d3 DE COMPLIMENT Aquest lloc web \u00e9s parcialment conforme amb el RD 1112\/2018 a causa de les excepcions i la manca de conformitat dels aspectes que s&#8217;indiquen al seg\u00fcent punt. CONTINGUT NO ACCESSIBLE El contingut que es recull a continuaci\u00f3 no \u00e9s accessible pel seg\u00fcent: Manca de [&hellip;]","og_url":"https:\/\/finobarcelona.com\/ca\/accessibilitat\/","og_site_name":"Fino Barcelona","article_modified_time":"2025-03-11T21:02:34+00:00","twitter_card":"summary_large_image","twitter_misc":{"Temps estimat de lectura":"2 minuts"},"schema":{"@context":"https:\/\/schema.org","@graph":[{"@type":"WebPage","@id":"https:\/\/finobarcelona.com\/ca\/accessibilitat\/","url":"https:\/\/finobarcelona.com\/ca\/accessibilitat\/","name":"Accessibilitat - Fino Barcelona","isPartOf":{"@id":"https:\/\/finobarcelona.com\/ca\/#website"},"datePublished":"2025-02-25T10:15:45+00:00","dateModified":"2025-03-11T21:02:34+00:00","breadcrumb":{"@id":"https:\/\/finobarcelona.com\/ca\/accessibilitat\/#breadcrumb"},"inLanguage":"ca","potentialAction":[{"@type":"ReadAction","target":["https:\/\/finobarcelona.com\/ca\/accessibilitat\/"]}]},{"@type":"BreadcrumbList","@id":"https:\/\/finobarcelona.com\/ca\/accessibilitat\/#breadcrumb","itemListElement":[{"@type":"ListItem","position":1,"name":"Home","item":"https:\/\/finobarcelona.com\/ca\/inici\/"},{"@type":"ListItem","position":2,"name":"Accessibilitat"}]},{"@type":"WebSite","@id":"https:\/\/finobarcelona.com\/ca\/#website","url":"https:\/\/finobarcelona.com\/ca\/","name":"Fino Barcelona","description":"","publisher":{"@id":"https:\/\/finobarcelona.com\/ca\/#organization"},"potentialAction":[{"@type":"SearchAction","target":{"@type":"EntryPoint","urlTemplate":"https:\/\/finobarcelona.com\/ca\/?s={search_term_string}"},"query-input":{"@type":"PropertyValueSpecification","valueRequired":true,"valueName":"search_term_string"}}],"inLanguage":"ca"},{"@type":"Organization","@id":"https:\/\/finobarcelona.com\/ca\/#organization","name":"Fino Barcelona","url":"https:\/\/finobarcelona.com\/ca\/","logo":{"@type":"ImageObject","inLanguage":"ca","@id":"https:\/\/finobarcelona.com\/ca\/#\/schema\/logo\/image\/","url":"https:\/\/finobarcelona.com\/wp-content\/uploads\/2023\/10\/LOGO-GRANDE.svg","contentUrl":"https:\/\/finobarcelona.com\/wp-content\/uploads\/2023\/10\/LOGO-GRANDE.svg","caption":"Fino Barcelona"},"image":{"@id":"https:\/\/finobarcelona.com\/ca\/#\/schema\/logo\/image\/"}}]}},"jetpack_sharing_enabled":true,"_links":{"self":[{"href":"https:\/\/finobarcelona.com\/ca\/wp-json\/wp\/v2\/pages\/2757","targetHints":{"allow":["GET"]}}],"collection":[{"href":"https:\/\/finobarcelona.com\/ca\/wp-json\/wp\/v2\/pages"}],"about":[{"href":"https:\/\/finobarcelona.com\/ca\/wp-json\/wp\/v2\/types\/page"}],"author":[{"embeddable":true,"href":"https:\/\/finobarcelona.com\/ca\/wp-json\/wp\/v2\/users\/1"}],"replies":[{"embeddable":true,"href":"https:\/\/finobarcelona.com\/ca\/wp-json\/wp\/v2\/comments?post=2757"}],"version-history":[{"count":3,"href":"https:\/\/finobarcelona.com\/ca\/wp-json\/wp\/v2\/pages\/2757\/revisions"}],"predecessor-version":[{"id":2886,"href":"https:\/\/finobarcelona.com\/ca\/wp-json\/wp\/v2\/pages\/2757\/revisions\/2886"}],"wp:attachment":[{"href":"https:\/\/finobarcelona.com\/ca\/wp-json\/wp\/v2\/media?parent=2757"}],"curies":[{"name":"wp","href":"https:\/\/api.w.org\/{rel}","templated":true}]}}